{"id":123,"date":"2022-08-11T12:13:00","date_gmt":"2022-08-11T10:13:00","guid":{"rendered":"https:\/\/nextbike-live.pluspol-networks.de\/goeteborg\/startseite\/"},"modified":"2024-09-23T13:06:09","modified_gmt":"2024-09-23T11:06:09","slug":"startseite","status":"publish","type":"page","link":"https:\/\/gothenburg-cargo.nextbike.com\/sv\/","title":{"rendered":"Startseite"},"content":{"rendered":"<div class=\"wpb-content-wrapper\"><p>[vc_row ppi_row_padding=&#8221;ppi_remove_padding_top,ppi_remove_padding_bottom&#8221; full_width=&#8221;stretch_row_content_no_spaces&#8221; el_class=&#8221;stage-row&#8221;][vc_column]<div class=\"nextbike stage\">\n                    <div class=\"stage__wrapper\">\n                        <div class=\"container\">\n                            <div class=\"stage__content\"><span class=\"h3\">Hyr lastcyklar i G\u00f6teborg<\/span><h1>Ladda ner appen<\/h1><div class=\"stage__content__stores\"><a class=\"nb-appstore-btn\" aria-label=\"Apple App Store\" href=\"https:\/\/apps.apple.com\/de\/app\/nextbike\/id504288371\" target=\"_blank\" data-custom-link=\"false\"><img decoding=\"async\" width=\"200px\" height=\"59px\" alt=\"Apple App Store\" src=\"https:\/\/gothenburg-cargo.nextbike.com\/wp-content\/uploads\/2022\/07\/apple-logo.svg\" \/><\/a><a class=\"nb-appstore-btn\" aria-label=\"Google App Store\" href=\"https:\/\/play.google.com\/store\/apps\/details?id=de.nextbike\" target=\"_blank\" data-custom-link=\"false\"><img decoding=\"async\" width=\"200px\" height=\"59px\" alt=\"Google App Store\" src=\"https:\/\/gothenburg-cargo.nextbike.com\/wp-content\/uploads\/2022\/07\/google-logo.svg\" \/><\/a><a class=\"nb-appstore-btn\" aria-label=\"Huawei App Store\" href=\"https:\/\/appgallery.huawei.com\/#\/app\/C102537239\" target=\"_blank\" data-custom-link=\"false\"><img decoding=\"async\" width=\"200px\" height=\"59px\" alt=\"Huawei App Store\" src=\"https:\/\/gothenburg-cargo.nextbike.com\/wp-content\/uploads\/2022\/07\/huawei-logo.svg\" \/><\/a><\/div>\n                            <\/div>\n                        <\/div><div role=\"img\" aria-label=\"Missing alt text\" class=\"stage__parallax parallax-speed5 show-for-md\" style=\"background-image: url(https:\/\/gothenburg-cargo.nextbike.com\/wp-content\/uploads\/2024\/04\/sun_background_optimized-1.svg)\"><\/div>\n                   <div role=\"img\" aria-label=\"Missing alt text\" class=\"stage__parallax parallax-speed4 show-for-md\" style=\"background-image: url(https:\/\/gothenburg-cargo.nextbike.com\/wp-content\/uploads\/2023\/03\/City_background.svg)\"><\/div>\n                   <div role=\"img\" aria-label=\"\" class=\"stage__parallax parallax-speed3 show-for-md\" style=\"background-image: url(https:\/\/gothenburg-cargo.nextbike.com\/wp-content\/uploads\/sites\/93\/2024\/09\/header_LAYER-2-v4.svg)\"><\/div>\n                   <div role=\"img\" aria-label=\"\" class=\"stage__parallax parallax-speed2 show-for-md\" style=\"background-image: url(https:\/\/gothenburg-cargo.nextbike.com\/wp-content\/uploads\/sites\/93\/2024\/09\/transparent.png)\"><\/div>\n                   <div role=\"img\" aria-label=\"\" class=\"stage__parallax parallax-speed1 show-for-md\" style=\"background-image: url(https:\/\/gothenburg-cargo.nextbike.com\/wp-content\/uploads\/sites\/93\/2024\/09\/header_LAYER-1.svg)\"><\/div><img decoding=\"async\" class=\"stage__mobile hide-for-md\" src=\"https:\/\/gothenburg-cargo.nextbike.com\/wp-content\/uploads\/sites\/93\/2024\/09\/Mobile_header_static.svg\" alt=\"\" \/><\/div>\n                <\/div>[\/vc_column][\/vc_row][vc_row ppi_row_padding=&#8221;ppi_remove_padding_top&#8221;][vc_column]<div class=\"nextbike mockups\"><div class=\"mockups__item\">\n    <div class=\"mockups__item__container\">\n                <div class=\"mockups__item__image mockups__item__image__left\">\n                        <div class=\"mockups__item__image__img\">\n                <img loading=\"lazy\" decoding=\"async\" width=\"549\" height=\"858\" src=\"https:\/\/gothenburg-cargo.nextbike.com\/wp-content\/uploads\/sites\/93\/2025\/04\/Phone-Mockup-Map-Active-Ride.png\" class=\"attachment-nex-sm size-nex-sm\" alt=\"\" srcset=\"https:\/\/gothenburg-cargo.nextbike.com\/wp-content\/uploads\/sites\/93\/2025\/04\/Phone-Mockup-Map-Active-Ride.png 549w, https:\/\/gothenburg-cargo.nextbike.com\/wp-content\/uploads\/sites\/93\/2025\/04\/Phone-Mockup-Map-Active-Ride-192x300.png 192w, https:\/\/gothenburg-cargo.nextbike.com\/wp-content\/uploads\/sites\/93\/2025\/04\/Phone-Mockup-Map-Active-Ride-480x750.png 480w, https:\/\/gothenburg-cargo.nextbike.com\/wp-content\/uploads\/sites\/93\/2025\/04\/Phone-Mockup-Map-Active-Ride-90x140.png 90w, https:\/\/gothenburg-cargo.nextbike.com\/wp-content\/uploads\/sites\/93\/2025\/04\/Phone-Mockup-Map-Active-Ride-64x100.png 64w\" sizes=\"auto, (max-width: 549px) 100vw, 549px\" \/>            <\/div>\n                                                            <div class=\"mockups__item__image__bg parallax\">\n                        <img loading=\"lazy\" decoding=\"async\" width=\"550\" height=\"800\" src=\"https:\/\/gothenburg-cargo.nextbike.com\/wp-content\/uploads\/sites\/93\/2024\/09\/bubble-MAP.svg\" class=\"attachment-nex-md size-nex-md\" alt=\"\" \/>                    <\/div>\n                                    <\/div>\n                        <div class=\"mockups__item__content mockups__item__content__left\">\n                        <h2 class=\"h3 mockups__item__headline\">\n                Gothenburg Cargo            <\/h2>\n                                    <p class=\"mockups__item__text\">\n                G\u00f6r en cykeltur med dina barn eller ta med dig dina ink\u00f6p hem med v\u00e5ra lastcyklar.            <\/p>\n                                    <a href=\"#fordelar\" target=\"_self\" title=\"F\u00f6rdelar\" class=\"mockups__item__link\" >\n                F\u00f6rdelar            <\/a>\n                    <\/div>\n            <\/div>\n<\/div>\n<div class=\"mockups__item\">\n    <div class=\"mockups__item__container\">\n                <div class=\"mockups__item__image mockups__item__image__right\">\n                        <div class=\"mockups__item__image__img\">\n                <img loading=\"lazy\" decoding=\"async\" width=\"633\" height=\"827\" src=\"https:\/\/gothenburg-cargo.nextbike.com\/wp-content\/uploads\/2025\/04\/Phone-Mockup-QR-Code-Scanner.png\" class=\"attachment-nex-sm size-nex-sm\" alt=\"\" srcset=\"https:\/\/gothenburg-cargo.nextbike.com\/wp-content\/uploads\/2025\/04\/Phone-Mockup-QR-Code-Scanner.png 633w, https:\/\/gothenburg-cargo.nextbike.com\/wp-content\/uploads\/2025\/04\/Phone-Mockup-QR-Code-Scanner-230x300.png 230w, https:\/\/gothenburg-cargo.nextbike.com\/wp-content\/uploads\/2025\/04\/Phone-Mockup-QR-Code-Scanner-480x627.png 480w, https:\/\/gothenburg-cargo.nextbike.com\/wp-content\/uploads\/2025\/04\/Phone-Mockup-QR-Code-Scanner-107x140.png 107w, https:\/\/gothenburg-cargo.nextbike.com\/wp-content\/uploads\/2025\/04\/Phone-Mockup-QR-Code-Scanner-77x100.png 77w\" sizes=\"auto, (max-width: 633px) 100vw, 633px\" \/>            <\/div>\n                                                            <div class=\"mockups__item__image__bg parallax\">\n                        <img loading=\"lazy\" decoding=\"async\" width=\"550\" height=\"800\" src=\"https:\/\/gothenburg-cargo.nextbike.com\/wp-content\/uploads\/sites\/93\/2024\/09\/bubble-SCAN.svg\" class=\"attachment-nex-md size-nex-md\" alt=\"\" \/>                    <\/div>\n                                    <\/div>\n                        <div class=\"mockups__item__content mockups__item__content__right\">\n                        <h2 class=\"h3 mockups__item__headline\">\n                Hyra och \u00e5terl\u00e4mna            <\/h2>\n                                    <p class=\"mockups__item__text\">\n                Lastcyklarna \u00e4r enkla att anv\u00e4nda och tar dig snabbt dit du ska.            <\/p>\n                                    <a href=\"#sa-fungerar-det\" target=\"_self\" title=\"S\u00e5 h\u00e4r fungerar det\" class=\"mockups__item__link\" >\n                S\u00e5 h\u00e4r fungerar det            <\/a>\n                    <\/div>\n            <\/div>\n<\/div>\n<div class=\"mockups__item\">\n    <div class=\"mockups__item__container\">\n                <div class=\"mockups__item__image mockups__item__image__left\">\n                        <div class=\"mockups__item__image__img\">\n                <img loading=\"lazy\" decoding=\"async\" width=\"499\" height=\"762\" src=\"https:\/\/gothenburg-cargo.nextbike.com\/wp-content\/uploads\/sites\/93\/2025\/04\/Phone-Mockup-Ride-Complete.png\" class=\"attachment-nex-sm size-nex-sm\" alt=\"\" srcset=\"https:\/\/gothenburg-cargo.nextbike.com\/wp-content\/uploads\/sites\/93\/2025\/04\/Phone-Mockup-Ride-Complete.png 499w, https:\/\/gothenburg-cargo.nextbike.com\/wp-content\/uploads\/sites\/93\/2025\/04\/Phone-Mockup-Ride-Complete-196x300.png 196w, https:\/\/gothenburg-cargo.nextbike.com\/wp-content\/uploads\/sites\/93\/2025\/04\/Phone-Mockup-Ride-Complete-480x733.png 480w, https:\/\/gothenburg-cargo.nextbike.com\/wp-content\/uploads\/sites\/93\/2025\/04\/Phone-Mockup-Ride-Complete-92x140.png 92w, https:\/\/gothenburg-cargo.nextbike.com\/wp-content\/uploads\/sites\/93\/2025\/04\/Phone-Mockup-Ride-Complete-65x100.png 65w\" sizes=\"auto, (max-width: 499px) 100vw, 499px\" \/>            <\/div>\n                                                            <div class=\"mockups__item__image__bg parallax\">\n                        <img loading=\"lazy\" decoding=\"async\" width=\"550\" height=\"800\" src=\"https:\/\/gothenburg-cargo.nextbike.com\/wp-content\/uploads\/sites\/93\/2024\/09\/bubble-APP.svg\" class=\"attachment-nex-md size-nex-md\" alt=\"\" \/>                    <\/div>\n                                    <\/div>\n                        <div class=\"mockups__item__content mockups__item__content__left\">\n                        <h2 class=\"h3 mockups__item__headline\">\n                Prisv\u00e4rt och h\u00e5llbart            <\/h2>\n                                    <p class=\"mockups__item__text\">\n                Njut av en tyst resa med nollutsl\u00e4pp. Kom ig\u00e5ng f\u00f6r bara 50 SEK!            <\/p>\n                                    <a href=\"#priser\" target=\"_self\" title=\"V\u00e5ra priser\" class=\"mockups__item__link\" >\n                V\u00e5ra priser            <\/a>\n                    <\/div>\n            <\/div>\n<\/div>\n<\/div>[\/vc_column][\/vc_row][vc_row ppi_row_type=&#8221;ppi_bg_grey&#8221; full_width=&#8221;stretch_row&#8221; el_id=&#8221;sa-fungerar-det&#8221;][vc_column]<div class=\"nextbike how-its-done\">\n    <h2>S\u00e5 h\u00e4r fungerar det<\/h2>\n\n    <div class=\"how-its-done__text\">\n        <p>Gotheburg Cargo erbjuder e-Cargobikes p\u00e5 tre stationer p\u00e5 Kungsgatan, Stigbergstorget och Jaegerdorffsplatsen. Respektive hemstation f\u00f6r varje cykel \u00e4r tryckt p\u00e5 lastcykel. V\u00e4nligen respektera den maximala hyrestiden p\u00e5 12 timmar f\u00f6r att undvika en \u00f6vertidsavgift.<\/p>\n    <\/div>\n\n\n<div class=\"how-its-done__container\">\n                        <div class=\"how-its-done__ctab how-its-done__ctab__tab1 how-its-done__ctab__current\" data-ctab=\"tab1\">\n                <div class=\"how-its-done__image\">\n                    <img loading=\"lazy\" decoding=\"async\" width=\"400\" height=\"400\" src=\"https:\/\/gothenburg-cargo.nextbike.com\/wp-content\/uploads\/sites\/93\/2024\/09\/Framelock.svg\" class=\"attachment-nex-md size-nex-md\" alt=\"\" \/>                <\/div>\n                <div class=\"how-its-done__content\">\n                                            <h3 class=\"h5\">REGISTRERING<\/h3>\n                                                                <p>Registreringen \u00e4r kostnadsfri. F\u00f6r att verifiera ditt konto kr\u00e4vs en deposition p\u00e5 10 SEK som blir en hyreskredit som du kan anv\u00e4nda senare.<\/p>\n                                                                <h3 class=\"h5\">UTHYRNING<\/h3>\n                                                                <p>Skanna enkelt QR-koden p\u00e5 cykeln med nextbike-appen s\u00e5 \u00f6ppnas l\u00e5set automatiskt.<\/p>\n                                                                <h3 class=\"h5\">PARKERINGSL\u00c4GE<\/h3>\n                                                                <p>Vill du parkera din cykel under en uthyrning? Aktivera f\u00f6rst parkeringsl\u00e4get i appen och tryck sedan ner l\u00e5set-spaken f\u00f6r att l\u00e5sa cykeln.<\/p>\n                                                                <h3 class=\"h5\">\u00c5TERL\u00c4MNING<\/h3>\n                                                                <p>\u00c5terl\u00e4mna din e-cargobike vid hemstationen, st\u00e4ll den p\u00e5 st\u00f6det och tryck ner FrameLock-spaken f\u00f6r att l\u00e5sa cykeln. Om du \u00e5terl\u00e4mnar din cykel utanf\u00f6r hemstationen kommer en serviceavgift p\u00e5 minst 500 SEK att debiteras.<\/p>\n                                    <\/div>\n            <\/div>\n                                                            <\/div>\n<\/div>[\/vc_column][\/vc_row][vc_row el_id=&#8221;priser&#8221;][vc_column]<div class=\"nextbike tariffs\"><h2>V\u00e5ra priser<\/h2><div class=\"tariffs__text\"><p><\/p><\/div><div class=\"tariffs__tabs tariffs__tabs__hidden\"><a role=\"button\" href=\"#\" class=\"tariffs__tab tariffs__tab__current\" data-tab=\"Standard\">Standard<\/a><\/div><div class=\"tariffs__contents\"><div class=\"tariffs__content  tariffs__content__current\" data-content=\"Standard\"><div class=\"tariffs__content__card\">\n    <span class=\"h5\" role=\"heading\">f\u00f6r e-cargobikes<\/span>\n    <h3 class=\"h2\">Grundpris<\/h3>\n    <h4 class=\"h3\">50 SEK \/ 60 min<\/h4>\n    <p><p>Du betalar maximalt 250 SEK f\u00f6r en 12-timmars uthyrningsperiod. F\u00f6r uthyrningar l\u00e4ngre \u00e4n 12 timmar p\u00e5b\u00f6rjas en ny uthyrningsperiod.<\/p>\n<\/p>\n<\/div>\n<\/div><\/div><\/div>[\/vc_column][\/vc_row][vc_row full_width=&#8221;stretch_row_content_no_spaces&#8221;][vc_column][\/vc_column][\/vc_row][vc_row ppi_row_padding=&#8221;ppi_remove_padding_bottom&#8221; full_width=&#8221;stretch_row_content_no_spaces&#8221; el_id=&#8221;fordelar&#8221;][vc_column]<div class=\"nextbike slider\">\n            <div class=\"slider__black\">\n            <h2 class=\"h1\">G\u00f6teborg Cargo<\/h2>\n        <\/div>\n        <div class=\"full-width-slider\">\n                        <div class=\"slider__slide center\">\n                    <img loading=\"lazy\" decoding=\"async\" width=\"1920\" height=\"1280\" src=\"https:\/\/gothenburg-cargo.nextbike.com\/wp-content\/uploads\/sites\/93\/2024\/08\/Smartbike_2.0_QF_girl_basket.jpg\" class=\"attachment-nex-max size-nex-max wp-post-image\" alt=\"\" srcset=\"https:\/\/gothenburg-cargo.nextbike.com\/wp-content\/uploads\/sites\/93\/2024\/08\/Smartbike_2.0_QF_girl_basket.jpg 1920w, https:\/\/gothenburg-cargo.nextbike.com\/wp-content\/uploads\/sites\/93\/2024\/08\/Smartbike_2.0_QF_girl_basket-300x200.jpg 300w, https:\/\/gothenburg-cargo.nextbike.com\/wp-content\/uploads\/sites\/93\/2024\/08\/Smartbike_2.0_QF_girl_basket-1024x683.jpg 1024w, https:\/\/gothenburg-cargo.nextbike.com\/wp-content\/uploads\/sites\/93\/2024\/08\/Smartbike_2.0_QF_girl_basket-768x512.jpg 768w, https:\/\/gothenburg-cargo.nextbike.com\/wp-content\/uploads\/sites\/93\/2024\/08\/Smartbike_2.0_QF_girl_basket-1200x800.jpg 1200w, https:\/\/gothenburg-cargo.nextbike.com\/wp-content\/uploads\/sites\/93\/2024\/08\/Smartbike_2.0_QF_girl_basket-992x661.jpg 992w, https:\/\/gothenburg-cargo.nextbike.com\/wp-content\/uploads\/sites\/93\/2024\/08\/Smartbike_2.0_QF_girl_basket-480x320.jpg 480w, https:\/\/gothenburg-cargo.nextbike.com\/wp-content\/uploads\/sites\/93\/2024\/08\/Smartbike_2.0_QF_girl_basket-210x140.jpg 210w, https:\/\/gothenburg-cargo.nextbike.com\/wp-content\/uploads\/sites\/93\/2024\/08\/Smartbike_2.0_QF_girl_basket-150x100.jpg 150w\" sizes=\"auto, (max-width: 1920px) 100vw, 1920px\" \/>                                            <div class=\"slider__slide__overlay\" style=\"background-color: rgba(255,255,255,0.01);\"><\/div>\n                                        <div class=\"slider__slide__inner container\">\n                        <h3 class=\"h2\">Mobil med nextbike<\/h3>                        <h4 class=\"h3\">nextbike driver l\u00e5necykelsystem i mer \u00e4n 300 st\u00e4der i Europa.<\/h4>                                            <\/div>\n                <\/div>\n                <\/div>\n<\/div>\n[\/vc_column][\/vc_row]<\/p>\n<\/div>","protected":false},"excerpt":{"rendered":"<p>[vc_row ppi_row_padding=&#8221;ppi_remove_padding_top,ppi_remove_padding_bottom&#8221; full_width=&#8221;stretch_row_content_no_spaces&#8221; el_class=&#8221;stage-row&#8221;][vc_column][\/vc_column][\/vc_row][vc_row ppi_row_padding=&#8221;ppi_remove_padding_top&#8221;][vc_column][\/vc_column][\/vc_row][vc_row ppi_row_type=&#8221;ppi_bg_grey&#8221; full_width=&#8221;stretch_row&#8221; el_id=&#8221;sa-fungerar-det&#8221;][vc_column][\/vc_column][\/vc_row][vc_row el_id=&#8221;priser&#8221;][vc_column][\/vc_column][\/vc_row][vc_row full_width=&#8221;stretch_row_content_no_spaces&#8221;][vc_column][\/vc_column][\/vc_row][vc_row ppi_row_padding=&#8221;ppi_remove_padding_bottom&#8221; full_width=&#8221;stretch_row_content_no_spaces&#8221; el_id=&#8221;fordelar&#8221;][vc_column][\/vc_column][\/vc_row]<\/p>\n","protected":false},"author":5,"featured_media":0,"parent":0,"menu_order":0,"comment_status":"closed","ping_status":"closed","template":"","meta":{"_acf_changed":false,"inline_featured_image":false,"footnotes":""},"class_list":["post-123","page","type-page","status-publish","hentry"],"acf":[],"yoast_head":"<!-- This site is optimized with the Yoast SEO plugin v27.2 - https:\/\/yoast.com\/product\/yoast-seo-wordpress\/ -->\n<title>G\u00f6teborg Cargo<\/title>\n<meta name=\"description\" content=\"Delning av e-Cargobike i G\u00f6teborg. Ladda bara ner nextbike-appen eller anv\u00e4nd ditt Styr&amp;St\u00e4ll-konto s\u00e5 \u00e4r du redo att k\u00f6ra.\" \/>\n<meta name=\"robots\" content=\"index, follow, max-snippet:-1, max-image-preview:large, max-video-preview:-1\" \/>\n<link rel=\"canonical\" href=\"https:\/\/gothenburg-cargo.nextbike.com\/sv\/\" \/>\n<meta property=\"og:locale\" content=\"sv_SE\" \/>\n<meta property=\"og:type\" content=\"article\" \/>\n<meta property=\"og:title\" content=\"G\u00f6teborg Cargo\" \/>\n<meta property=\"og:description\" content=\"Delning av e-Cargobike i G\u00f6teborg. Ladda bara ner nextbike-appen eller anv\u00e4nd ditt Styr&amp;St\u00e4ll-konto s\u00e5 \u00e4r du redo att k\u00f6ra.\" \/>\n<meta property=\"og:url\" content=\"https:\/\/gothenburg-cargo.nextbike.com\/sv\/\" \/>\n<meta property=\"og:site_name\" content=\"G\u00f6teborg Cargo\" \/>\n<meta property=\"article:modified_time\" content=\"2024-09-23T11:06:09+00:00\" \/>\n<meta name=\"twitter:card\" content=\"summary_large_image\" \/>\n<meta name=\"twitter:label1\" content=\"Ber\u00e4knad l\u00e4stid\" \/>\n\t<meta name=\"twitter:data1\" content=\"1 minut\" \/>\n<script type=\"application\/ld+json\" class=\"yoast-schema-graph\">{\"@context\":\"https:\/\/schema.org\",\"@graph\":[{\"@type\":\"WebPage\",\"@id\":\"https:\/\/gothenburg-cargo.nextbike.com\/sv\/\",\"url\":\"https:\/\/gothenburg-cargo.nextbike.com\/sv\/\",\"name\":\"G\u00f6teborg Cargo\",\"isPartOf\":{\"@id\":\"https:\/\/gothenburg-cargo.nextbike.com\/sv\/#website\"},\"datePublished\":\"2022-08-11T10:13:00+00:00\",\"dateModified\":\"2024-09-23T11:06:09+00:00\",\"description\":\"Delning av e-Cargobike i G\u00f6teborg. Ladda bara ner nextbike-appen eller anv\u00e4nd ditt Styr&St\u00e4ll-konto s\u00e5 \u00e4r du redo att k\u00f6ra.\",\"breadcrumb\":{\"@id\":\"https:\/\/gothenburg-cargo.nextbike.com\/sv\/#breadcrumb\"},\"inLanguage\":\"sv-SE\",\"potentialAction\":[{\"@type\":\"ReadAction\",\"target\":[\"https:\/\/gothenburg-cargo.nextbike.com\/sv\/\"]}]},{\"@type\":\"BreadcrumbList\",\"@id\":\"https:\/\/gothenburg-cargo.nextbike.com\/sv\/#breadcrumb\",\"itemListElement\":[{\"@type\":\"ListItem\",\"position\":1,\"name\":\"Startseite\",\"item\":\"https:\/\/gothenburg-cargo.nextbike.com\/sv\/\"},{\"@type\":\"ListItem\",\"position\":2,\"name\":\"Startseite\"}]},{\"@type\":\"WebSite\",\"@id\":\"https:\/\/gothenburg-cargo.nextbike.com\/sv\/#website\",\"url\":\"https:\/\/gothenburg-cargo.nextbike.com\/sv\/\",\"name\":\"G\u00f6teborg Cargo\",\"description\":\"Bike Sharing by nextbike\",\"potentialAction\":[{\"@type\":\"SearchAction\",\"target\":{\"@type\":\"EntryPoint\",\"urlTemplate\":\"https:\/\/gothenburg-cargo.nextbike.com\/sv\/?s={search_term_string}\"},\"query-input\":{\"@type\":\"PropertyValueSpecification\",\"valueRequired\":true,\"valueName\":\"search_term_string\"}}],\"inLanguage\":\"sv-SE\"}]}<\/script>\n<!-- \/ Yoast SEO plugin. -->","yoast_head_json":{"title":"G\u00f6teborg Cargo","description":"Delning av e-Cargobike i G\u00f6teborg. Ladda bara ner nextbike-appen eller anv\u00e4nd ditt Styr&St\u00e4ll-konto s\u00e5 \u00e4r du redo att k\u00f6ra.","robots":{"index":"index","follow":"follow","max-snippet":"max-snippet:-1","max-image-preview":"max-image-preview:large","max-video-preview":"max-video-preview:-1"},"canonical":"https:\/\/gothenburg-cargo.nextbike.com\/sv\/","og_locale":"sv_SE","og_type":"article","og_title":"G\u00f6teborg Cargo","og_description":"Delning av e-Cargobike i G\u00f6teborg. Ladda bara ner nextbike-appen eller anv\u00e4nd ditt Styr&St\u00e4ll-konto s\u00e5 \u00e4r du redo att k\u00f6ra.","og_url":"https:\/\/gothenburg-cargo.nextbike.com\/sv\/","og_site_name":"G\u00f6teborg Cargo","article_modified_time":"2024-09-23T11:06:09+00:00","twitter_card":"summary_large_image","twitter_misc":{"Ber\u00e4knad l\u00e4stid":"1 minut"},"schema":{"@context":"https:\/\/schema.org","@graph":[{"@type":"WebPage","@id":"https:\/\/gothenburg-cargo.nextbike.com\/sv\/","url":"https:\/\/gothenburg-cargo.nextbike.com\/sv\/","name":"G\u00f6teborg Cargo","isPartOf":{"@id":"https:\/\/gothenburg-cargo.nextbike.com\/sv\/#website"},"datePublished":"2022-08-11T10:13:00+00:00","dateModified":"2024-09-23T11:06:09+00:00","description":"Delning av e-Cargobike i G\u00f6teborg. Ladda bara ner nextbike-appen eller anv\u00e4nd ditt Styr&St\u00e4ll-konto s\u00e5 \u00e4r du redo att k\u00f6ra.","breadcrumb":{"@id":"https:\/\/gothenburg-cargo.nextbike.com\/sv\/#breadcrumb"},"inLanguage":"sv-SE","potentialAction":[{"@type":"ReadAction","target":["https:\/\/gothenburg-cargo.nextbike.com\/sv\/"]}]},{"@type":"BreadcrumbList","@id":"https:\/\/gothenburg-cargo.nextbike.com\/sv\/#breadcrumb","itemListElement":[{"@type":"ListItem","position":1,"name":"Startseite","item":"https:\/\/gothenburg-cargo.nextbike.com\/sv\/"},{"@type":"ListItem","position":2,"name":"Startseite"}]},{"@type":"WebSite","@id":"https:\/\/gothenburg-cargo.nextbike.com\/sv\/#website","url":"https:\/\/gothenburg-cargo.nextbike.com\/sv\/","name":"G\u00f6teborg Cargo","description":"Bike Sharing by nextbike","potentialAction":[{"@type":"SearchAction","target":{"@type":"EntryPoint","urlTemplate":"https:\/\/gothenburg-cargo.nextbike.com\/sv\/?s={search_term_string}"},"query-input":{"@type":"PropertyValueSpecification","valueRequired":true,"valueName":"search_term_string"}}],"inLanguage":"sv-SE"}]}},"_links":{"self":[{"href":"https:\/\/gothenburg-cargo.nextbike.com\/sv\/wp-json\/wp\/v2\/pages\/123","targetHints":{"allow":["GET"]}}],"collection":[{"href":"https:\/\/gothenburg-cargo.nextbike.com\/sv\/wp-json\/wp\/v2\/pages"}],"about":[{"href":"https:\/\/gothenburg-cargo.nextbike.com\/sv\/wp-json\/wp\/v2\/types\/page"}],"author":[{"embeddable":true,"href":"https:\/\/gothenburg-cargo.nextbike.com\/sv\/wp-json\/wp\/v2\/users\/5"}],"replies":[{"embeddable":true,"href":"https:\/\/gothenburg-cargo.nextbike.com\/sv\/wp-json\/wp\/v2\/comments?post=123"}],"version-history":[{"count":5,"href":"https:\/\/gothenburg-cargo.nextbike.com\/sv\/wp-json\/wp\/v2\/pages\/123\/revisions"}],"predecessor-version":[{"id":228,"href":"https:\/\/gothenburg-cargo.nextbike.com\/sv\/wp-json\/wp\/v2\/pages\/123\/revisions\/228"}],"wp:attachment":[{"href":"https:\/\/gothenburg-cargo.nextbike.com\/sv\/wp-json\/wp\/v2\/media?parent=123"}],"curies":[{"name":"wp","href":"https:\/\/api.w.org\/{rel}","templated":true}]}}