{"id":121,"date":"2022-08-11T12:13:47","date_gmt":"2022-08-11T10:13:47","guid":{"rendered":"https:\/\/nextbike-live.pluspol-networks.de\/goeteborg\/impressum\/"},"modified":"2024-08-13T15:53:01","modified_gmt":"2024-08-13T13:53:01","slug":"avtryck","status":"publish","type":"page","link":"https:\/\/gothenburg-cargo.nextbike.com\/sv\/avtryck\/","title":{"rendered":"Avtryck"},"content":{"rendered":"<div class=\"wpb-content-wrapper\"><p>[vc_row][vc_column][vc_column_text]<h1>Avtryck<\/h1>\n<p data-renderer-start-pos=\"41\">nextbike Sverige AB<\/p>\n<p data-renderer-start-pos=\"62\">Fl\u00f6jelbergsgatan 7b<br \/>\n43137\u00a0M\u00f6lndal<br \/>\nSverige<\/p>\n<p><strong>Kontakt<br \/>\n<\/strong>Tel: <a href=\"tel:+46317679438\">+46 317 679 438<\/a><br \/>\nEmail: <a href=\"mailto:info@gothenburg-cargo.nextbike.com\">info@gothenburg-cargo.nextbike.com<\/a><\/p>\n<p><strong>Registrera post<\/strong><br \/>\nRegistrering i handelsregister<br \/>\nRegistrering av domstol: Bolagsverket Sundsvall<br \/>\nRegistreringsnummer: 5592507346<\/p>\n<p>Oms\u00e4ttningsskatt-ID: SE559250734601<\/p>\n<p>Online-tvistl\u00f6sning enligt art. 14 (1) ODR-f\u00f6rordningen: Europeiska kommissionen tillhandah\u00e5ller en plattform f\u00f6r tvistl\u00f6sning online. Denna finns p\u00e5 <a href=\"http:\/\/ec.europa.eu\/consumers\/odr\/\" target=\"_blank\" rel=\"noopener\">http:\/\/ec.europa.eu\/consumers\/odr\/<\/a>.<\/p>\n[\/vc_column_text][\/vc_column][\/vc_row]<\/p>\n<\/div>","protected":false},"excerpt":{"rendered":"<p>[vc_row][vc_column][vc_column_text][\/vc_column_text][\/vc_column][\/vc_row]<\/p>\n","protected":false},"author":5,"featured_media":0,"parent":0,"menu_order":0,"comment_status":"closed","ping_status":"closed","template":"","meta":{"_acf_changed":false,"inline_featured_image":false,"footnotes":""},"class_list":["post-121","page","type-page","status-publish","hentry"],"acf":[],"yoast_head":"<!-- This site is optimized with the Yoast SEO plugin v27.2 - https:\/\/yoast.com\/product\/yoast-seo-wordpress\/ -->\n<title>Avtryck - G\u00f6teborg Cargo<\/title>\n<meta name=\"robots\" content=\"index, follow, max-snippet:-1, max-image-preview:large, max-video-preview:-1\" \/>\n<link rel=\"canonical\" href=\"https:\/\/gothenburg-cargo.nextbike.com\/sv\/avtryck\/\" \/>\n<meta property=\"og:locale\" content=\"sv_SE\" \/>\n<meta property=\"og:type\" content=\"article\" \/>\n<meta property=\"og:title\" content=\"Avtryck - G\u00f6teborg Cargo\" \/>\n<meta property=\"og:description\" content=\"[vc_row][vc_column][vc_column_text][\/vc_column_text][\/vc_column][\/vc_row]\" \/>\n<meta property=\"og:url\" content=\"https:\/\/gothenburg-cargo.nextbike.com\/sv\/avtryck\/\" \/>\n<meta property=\"og:site_name\" content=\"G\u00f6teborg Cargo\" \/>\n<meta property=\"article:modified_time\" content=\"2024-08-13T13:53:01+00:00\" \/>\n<meta name=\"twitter:card\" content=\"summary_large_image\" \/>\n<meta name=\"twitter:label1\" content=\"Ber\u00e4knad l\u00e4stid\" \/>\n\t<meta name=\"twitter:data1\" content=\"1 minut\" \/>\n<script type=\"application\/ld+json\" class=\"yoast-schema-graph\">{\"@context\":\"https:\/\/schema.org\",\"@graph\":[{\"@type\":\"WebPage\",\"@id\":\"https:\/\/gothenburg-cargo.nextbike.com\/sv\/avtryck\/\",\"url\":\"https:\/\/gothenburg-cargo.nextbike.com\/sv\/avtryck\/\",\"name\":\"Avtryck - G\u00f6teborg Cargo\",\"isPartOf\":{\"@id\":\"https:\/\/gothenburg-cargo.nextbike.com\/sv\/#website\"},\"datePublished\":\"2022-08-11T10:13:47+00:00\",\"dateModified\":\"2024-08-13T13:53:01+00:00\",\"breadcrumb\":{\"@id\":\"https:\/\/gothenburg-cargo.nextbike.com\/sv\/avtryck\/#breadcrumb\"},\"inLanguage\":\"sv-SE\",\"potentialAction\":[{\"@type\":\"ReadAction\",\"target\":[\"https:\/\/gothenburg-cargo.nextbike.com\/sv\/avtryck\/\"]}]},{\"@type\":\"BreadcrumbList\",\"@id\":\"https:\/\/gothenburg-cargo.nextbike.com\/sv\/avtryck\/#breadcrumb\",\"itemListElement\":[{\"@type\":\"ListItem\",\"position\":1,\"name\":\"Startseite\",\"item\":\"https:\/\/gothenburg-cargo.nextbike.com\/sv\/\"},{\"@type\":\"ListItem\",\"position\":2,\"name\":\"Avtryck\"}]},{\"@type\":\"WebSite\",\"@id\":\"https:\/\/gothenburg-cargo.nextbike.com\/sv\/#website\",\"url\":\"https:\/\/gothenburg-cargo.nextbike.com\/sv\/\",\"name\":\"G\u00f6teborg Cargo\",\"description\":\"Bike Sharing by nextbike\",\"potentialAction\":[{\"@type\":\"SearchAction\",\"target\":{\"@type\":\"EntryPoint\",\"urlTemplate\":\"https:\/\/gothenburg-cargo.nextbike.com\/sv\/?s={search_term_string}\"},\"query-input\":{\"@type\":\"PropertyValueSpecification\",\"valueRequired\":true,\"valueName\":\"search_term_string\"}}],\"inLanguage\":\"sv-SE\"}]}<\/script>\n<!-- \/ Yoast SEO plugin. -->","yoast_head_json":{"title":"Avtryck - G\u00f6teborg Cargo","robots":{"index":"index","follow":"follow","max-snippet":"max-snippet:-1","max-image-preview":"max-image-preview:large","max-video-preview":"max-video-preview:-1"},"canonical":"https:\/\/gothenburg-cargo.nextbike.com\/sv\/avtryck\/","og_locale":"sv_SE","og_type":"article","og_title":"Avtryck - G\u00f6teborg Cargo","og_description":"[vc_row][vc_column][vc_column_text][\/vc_column_text][\/vc_column][\/vc_row]","og_url":"https:\/\/gothenburg-cargo.nextbike.com\/sv\/avtryck\/","og_site_name":"G\u00f6teborg Cargo","article_modified_time":"2024-08-13T13:53:01+00:00","twitter_card":"summary_large_image","twitter_misc":{"Ber\u00e4knad l\u00e4stid":"1 minut"},"schema":{"@context":"https:\/\/schema.org","@graph":[{"@type":"WebPage","@id":"https:\/\/gothenburg-cargo.nextbike.com\/sv\/avtryck\/","url":"https:\/\/gothenburg-cargo.nextbike.com\/sv\/avtryck\/","name":"Avtryck - G\u00f6teborg Cargo","isPartOf":{"@id":"https:\/\/gothenburg-cargo.nextbike.com\/sv\/#website"},"datePublished":"2022-08-11T10:13:47+00:00","dateModified":"2024-08-13T13:53:01+00:00","breadcrumb":{"@id":"https:\/\/gothenburg-cargo.nextbike.com\/sv\/avtryck\/#breadcrumb"},"inLanguage":"sv-SE","potentialAction":[{"@type":"ReadAction","target":["https:\/\/gothenburg-cargo.nextbike.com\/sv\/avtryck\/"]}]},{"@type":"BreadcrumbList","@id":"https:\/\/gothenburg-cargo.nextbike.com\/sv\/avtryck\/#breadcrumb","itemListElement":[{"@type":"ListItem","position":1,"name":"Startseite","item":"https:\/\/gothenburg-cargo.nextbike.com\/sv\/"},{"@type":"ListItem","position":2,"name":"Avtryck"}]},{"@type":"WebSite","@id":"https:\/\/gothenburg-cargo.nextbike.com\/sv\/#website","url":"https:\/\/gothenburg-cargo.nextbike.com\/sv\/","name":"G\u00f6teborg Cargo","description":"Bike Sharing by nextbike","potentialAction":[{"@type":"SearchAction","target":{"@type":"EntryPoint","urlTemplate":"https:\/\/gothenburg-cargo.nextbike.com\/sv\/?s={search_term_string}"},"query-input":{"@type":"PropertyValueSpecification","valueRequired":true,"valueName":"search_term_string"}}],"inLanguage":"sv-SE"}]}},"_links":{"self":[{"href":"https:\/\/gothenburg-cargo.nextbike.com\/sv\/wp-json\/wp\/v2\/pages\/121","targetHints":{"allow":["GET"]}}],"collection":[{"href":"https:\/\/gothenburg-cargo.nextbike.com\/sv\/wp-json\/wp\/v2\/pages"}],"about":[{"href":"https:\/\/gothenburg-cargo.nextbike.com\/sv\/wp-json\/wp\/v2\/types\/page"}],"author":[{"embeddable":true,"href":"https:\/\/gothenburg-cargo.nextbike.com\/sv\/wp-json\/wp\/v2\/users\/5"}],"replies":[{"embeddable":true,"href":"https:\/\/gothenburg-cargo.nextbike.com\/sv\/wp-json\/wp\/v2\/comments?post=121"}],"version-history":[{"count":1,"href":"https:\/\/gothenburg-cargo.nextbike.com\/sv\/wp-json\/wp\/v2\/pages\/121\/revisions"}],"predecessor-version":[{"id":164,"href":"https:\/\/gothenburg-cargo.nextbike.com\/sv\/wp-json\/wp\/v2\/pages\/121\/revisions\/164"}],"wp:attachment":[{"href":"https:\/\/gothenburg-cargo.nextbike.com\/sv\/wp-json\/wp\/v2\/media?parent=121"}],"curies":[{"name":"wp","href":"https:\/\/api.w.org\/{rel}","templated":true}]}}